{"id":75,"date":"2024-11-04T06:48:10","date_gmt":"2024-11-04T06:48:10","guid":{"rendered":"https:\/\/transportespyj.cl\/?page_id=75"},"modified":"2025-02-06T03:23:26","modified_gmt":"2025-02-06T03:23:26","slug":"nosotros","status":"publish","type":"page","link":"https:\/\/transportespyj.cl\/index.php\/nosotros\/","title":{"rendered":"Nosotros"},"content":{"rendered":"\n<div class=\"wp-block-stackable-columns alignwide stk-block-columns stk-block stk-4d8e693\" data-block-id=\"4d8e693\"><style>.stk-4d8e693-column{--stk-column-gap:48px !important;}<\/style><div class=\"stk-row stk-inner-blocks has-text-align-center stk-block-content stk-content-align stk-4d8e693-column alignwide\">\n<div class=\"wp-block-stackable-column stk-block-column stk-column stk-block stk-864c55d\" data-v=\"4\" data-block-id=\"864c55d\"><style>.stk-864c55d-inner-blocks{justify-content:center !important;}.stk-864c55d-container{display:flex !important;}<\/style><div class=\"stk-column-wrapper stk-block-column__content stk-container stk-864c55d-container stk--no-background stk--no-padding\"><div class=\"stk-block-content stk-inner-blocks stk-864c55d-inner-blocks\">\n<div class=\"wp-block-stackable-heading stk-block-heading stk-block-heading--v2 stk-block stk-c92ff32\" id=\"strong-quienes-somos-strong\" data-block-id=\"c92ff32\"><style>.stk-c92ff32 .stk-block-heading__text{font-size:52px !important;color:#000000 !important;font-family:\"Abel\", Sans-serif !important;}@media screen and (max-width: 1023px){.stk-c92ff32 .stk-block-heading__text{font-size:50px !important;}}<\/style><h1 class=\"stk-block-heading__text has-text-color\"><strong>\u00bfQUI\u00c9NES SOMOS?<\/strong><\/h1><\/div>\n\n\n\n<div class=\"wp-block-stackable-text stk-block-text stk-block stk-8dd8cd1\" data-block-id=\"8dd8cd1\"><style>.stk-8dd8cd1 .stk-block-text__text{font-size:26px !important;font-family:\"Abel\", Sans-serif !important;}@media screen and (max-width: 1023px){.stk-8dd8cd1 .stk-block-text__text{font-size:26px !important;}}<\/style><p class=\"stk-block-text__text\"><span style=\"color: #000000;\" class=\"stk-highlight\">Transportes P&amp;J Limitada es una empresa creada en el a\u00f1o 2007 con el prop\u00f3sito principal de desarrollarse y crecer en el rubro del Transporte, actualmente su foco principal es el transporte de carga peligrosa, qu\u00edmicos, lubricantes y carga en fr\u00edo. Su casa matriz est\u00e1 ubicada en la ciudad de Curic\u00f3, donde cuenta con administraci\u00f3n, mantenimiento y log\u00edstica. Adicionalmente cuenta con bases de operaciones desde Arica hasta Puerto Montt.<\/span><\/p><\/div>\n<\/div><\/div><\/div>\n<\/div><\/div>\n\n\n\n<div class=\"wp-block-stackable-columns stk-block-columns stk-block stk-d3f3411\" data-block-id=\"d3f3411\"><div class=\"stk-row stk-inner-blocks stk-block-content stk-content-align stk-d3f3411-column\">\n<div class=\"wp-block-stackable-column stk-block-column stk-column stk-block stk-cb17cb9\" data-v=\"4\" data-block-id=\"cb17cb9\"><div class=\"stk-column-wrapper stk-block-column__content stk-container stk-cb17cb9-container stk--no-background stk--no-padding\"><div class=\"stk-block-content stk-inner-blocks stk-cb17cb9-inner-blocks\">\n<figure class=\"wp-block-image size-large\"><img fetchpriority=\"high\" decoding=\"async\" width=\"1024\" height=\"683\" src=\"https:\/\/transportespyj.cl\/wp-content\/uploads\/2025\/01\/Diseno-sin-titulo-16-1024x683.png\" alt=\"\" class=\"wp-image-297\" srcset=\"https:\/\/transportespyj.cl\/wp-content\/uploads\/2025\/01\/Diseno-sin-titulo-16-1024x683.png 1024w, https:\/\/transportespyj.cl\/wp-content\/uploads\/2025\/01\/Diseno-sin-titulo-16-300x200.png 300w, https:\/\/transportespyj.cl\/wp-content\/uploads\/2025\/01\/Diseno-sin-titulo-16-768x512.png 768w, https:\/\/transportespyj.cl\/wp-content\/uploads\/2025\/01\/Diseno-sin-titulo-16-18x12.png 18w, https:\/\/transportespyj.cl\/wp-content\/uploads\/2025\/01\/Diseno-sin-titulo-16.png 1200w\" sizes=\"(max-width: 1024px) 100vw, 1024px\" \/><\/figure>\n<\/div><\/div><\/div>\n\n\n\n<div class=\"wp-block-stackable-column stk-block-column stk-column stk-block stk-3d986f4\" data-v=\"4\" data-block-id=\"3d986f4\"><div class=\"stk-column-wrapper stk-block-column__content stk-container stk-3d986f4-container stk--no-background stk--no-padding\"><div class=\"stk-block-content stk-inner-blocks stk-3d986f4-inner-blocks\">\n<div class=\"wp-block-stackable-text stk-block-text stk-block stk-b69982a\" data-block-id=\"b69982a\"><style>.stk-b69982a .stk-block-text__text{font-size:52px !important;color:#000000 !important;font-family:\"Abel\", Sans-serif !important;}@media screen and (max-width: 1023px){.stk-b69982a .stk-block-text__text{font-size:50px !important;}}<\/style><p class=\"stk-block-text__text has-text-color\"><strong>MISI\u00d3N<\/strong><\/p><\/div>\n\n\n\n<div class=\"wp-block-stackable-text stk-block-text stk-block stk-ce80a29\" data-block-id=\"ce80a29\"><style>.stk-ce80a29 {border-top-left-radius:0px !important;border-top-right-radius:0px !important;border-bottom-right-radius:0px !important;border-bottom-left-radius:0px !important;overflow:hidden !important;top:-28px !important;}.stk-ce80a29 .stk-block-text__text{font-size:26px !important;color:#000000 !important;font-family:\"Abel\", Sans-serif !important;}@media screen and (max-width: 1023px){.stk-ce80a29 .stk-block-text__text{font-size:26px !important;}}<\/style><p class=\"stk-block-text__text has-text-color\">Proveer soluciones log\u00edsticas integrales que se distingan por su seguridad, eficiencia y compromiso con los m\u00e1s altos est\u00e1ndares de calidad. Nos enfocamos en cumplir con las necesidades espec\u00edficas de nuestros clientes, especialmente en el transporte de carga especializada, a trav\u00e9s de una gesti\u00f3n responsable y sostenible. <\/p><\/div>\n\n\n\n<div class=\"wp-block-stackable-text stk-block-text stk-block stk-903df5f\" data-block-id=\"903df5f\"><style>.stk-903df5f {top:-48px !important;}.stk-903df5f .stk-block-text__text{font-size:26px !important;color:#000000 !important;font-family:\"Abel\", Sans-serif !important;}@media screen and (max-width: 1023px){.stk-903df5f .stk-block-text__text{font-size:26px !important;}}<\/style><p class=\"stk-block-text__text has-text-color\">Nuestro objetivo es generar confianza, promoviendo la mejora continua, la capacitaci\u00f3n de nuestro equipo y la implementaci\u00f3n de tecnolog\u00edas innovadoras que garanticen un servicio confiable y competitivo.<\/p><\/div>\n<\/div><\/div><\/div>\n<\/div><\/div>\n\n\n\n<div class=\"wp-block-stackable-columns stk-block-columns stk-block stk-697eefe\" data-block-id=\"697eefe\"><div class=\"stk-row stk-inner-blocks stk-block-content stk-content-align stk-697eefe-column\">\n<div class=\"wp-block-stackable-column stk-block-column stk-column stk-block stk-8e61220\" data-v=\"4\" data-block-id=\"8e61220\"><div class=\"stk-column-wrapper stk-block-column__content stk-container stk-8e61220-container stk--no-background stk--no-padding\"><div class=\"stk-block-content stk-inner-blocks stk-8e61220-inner-blocks\">\n<div class=\"wp-block-stackable-text stk-block-text stk-block stk-414afab\" data-block-id=\"414afab\"><style>.stk-414afab .stk-block-text__text{font-size:52px !important;color:#000000 !important;font-family:\"Abel\", Sans-serif !important;}@media screen and (max-width: 1023px){.stk-414afab .stk-block-text__text{font-size:50px !important;}}<\/style><p class=\"stk-block-text__text has-text-color\"><strong>VISI\u00d3N<\/strong><\/p><\/div>\n\n\n\n<div class=\"wp-block-stackable-text stk-block-text stk-block stk-9a94a8c\" data-block-id=\"9a94a8c\"><style>.stk-9a94a8c {margin-top:-11px !important;}.stk-9a94a8c .stk-block-text__text{font-size:26px !important;color:#000000 !important;font-family:\"Abel\", Sans-serif !important;}@media screen and (max-width: 1023px){.stk-9a94a8c .stk-block-text__text{font-size:26px !important;}}<\/style><p class=\"stk-block-text__text has-text-color\">Consolidarnos como referentes nacionales en el transporte especializado, destac\u00e1ndonos por nuestra capacidad de adaptaci\u00f3n a las demandas del mercado y nuestra contribuci\u00f3n al desarrollo econ\u00f3mico y social del pa\u00eds. Aspiramos a liderar con innovaci\u00f3n y sostenibilidad, fortaleciendo nuestras bases operativas desde Arica hasta Puerto Montt.<\/p><\/div>\n\n\n\n<div class=\"wp-block-stackable-text stk-block-text stk-block stk-9599f82\" data-block-id=\"9599f82\"><style>.stk-9599f82 {margin-top:-15px !important;top:-3px !important;}.stk-9599f82 .stk-block-text__text{font-size:26px !important;font-family:\"Abel\", Sans-serif !important;}@media screen and (max-width: 1023px){.stk-9599f82 .stk-block-text__text{font-size:26px !important;}}<\/style><p class=\"stk-block-text__text\"><span style=\"color: #000000;\" class=\"stk-highlight\">Queremos ser reconocidos no solo por la excelencia en nuestro servicio, sino tambi\u00e9n por nuestra responsabilidad con el medio ambiente, el bienestar de nuestras comunidades y el desarrollo profesional de nuestro equipo humano.<\/span><\/p><\/div>\n<\/div><\/div><\/div>\n\n\n\n<div class=\"wp-block-stackable-column stk-block-column stk-column stk-block stk-b004c20\" data-v=\"4\" data-block-id=\"b004c20\"><div class=\"stk-column-wrapper stk-block-column__content stk-container stk-b004c20-container stk--no-background stk--no-padding\"><div class=\"stk-block-content stk-inner-blocks stk-b004c20-inner-blocks\">\n<figure class=\"wp-block-image size-large\"><img decoding=\"async\" width=\"1024\" height=\"683\" src=\"https:\/\/transportespyj.cl\/wp-content\/uploads\/2025\/01\/Diseno-sin-titulo-17-1024x683.png\" alt=\"\" class=\"wp-image-298\" srcset=\"https:\/\/transportespyj.cl\/wp-content\/uploads\/2025\/01\/Diseno-sin-titulo-17-1024x683.png 1024w, https:\/\/transportespyj.cl\/wp-content\/uploads\/2025\/01\/Diseno-sin-titulo-17-300x200.png 300w, https:\/\/transportespyj.cl\/wp-content\/uploads\/2025\/01\/Diseno-sin-titulo-17-768x512.png 768w, https:\/\/transportespyj.cl\/wp-content\/uploads\/2025\/01\/Diseno-sin-titulo-17-18x12.png 18w, https:\/\/transportespyj.cl\/wp-content\/uploads\/2025\/01\/Diseno-sin-titulo-17.png 1200w\" sizes=\"(max-width: 1024px) 100vw, 1024px\" \/><\/figure>\n<\/div><\/div><\/div>\n<\/div><\/div>\n","protected":false},"excerpt":{"rendered":"<p>\u00bfQUI\u00c9NES SOMOS? Transportes P&amp;J Limitada es una empresa creada en el a\u00f1o 2007 con el prop\u00f3sito principal de desarrollarse y crecer en el rubro del Transporte, actualmente su foco principal es el transporte de carga peligrosa, qu\u00edmicos, lubricantes y carga en fr\u00edo. Su casa matriz est\u00e1 ubicada en la ciudad de Curic\u00f3, donde cuenta con [&hellip;]<\/p>\n","protected":false},"author":1,"featured_media":0,"parent":0,"menu_order":0,"comment_status":"closed","ping_status":"closed","template":"","meta":{"footnotes":""},"class_list":["post-75","page","type-page","status-publish","hentry"],"blocksy_meta":{"disable_share_box":"no","styles_descriptor":{"styles":{"desktop":"","tablet":"","mobile":""},"google_fonts":[],"version":6}},"yoast_head":"<!-- This site is optimized with the Yoast SEO plugin v23.6 - https:\/\/yoast.com\/wordpress\/plugins\/seo\/ -->\n<title>Nosotros - Transportes PYJ<\/title>\n<meta name=\"robots\" content=\"index, follow, max-snippet:-1, max-image-preview:large, max-video-preview:-1\" \/>\n<link rel=\"canonical\" href=\"https:\/\/transportespyj.cl\/index.php\/nosotros\/\" \/>\n<meta property=\"og:locale\" content=\"es_ES\" \/>\n<meta property=\"og:type\" content=\"article\" \/>\n<meta property=\"og:title\" content=\"Nosotros - Transportes PYJ\" \/>\n<meta property=\"og:description\" content=\"\u00bfQUI\u00c9NES SOMOS? Transportes P&amp;J Limitada es una empresa creada en el a\u00f1o 2007 con el prop\u00f3sito principal de desarrollarse y crecer en el rubro del Transporte, actualmente su foco principal es el transporte de carga peligrosa, qu\u00edmicos, lubricantes y carga en fr\u00edo. Su casa matriz est\u00e1 ubicada en la ciudad de Curic\u00f3, donde cuenta con [&hellip;]\" \/>\n<meta property=\"og:url\" content=\"https:\/\/transportespyj.cl\/index.php\/nosotros\/\" \/>\n<meta property=\"og:site_name\" content=\"Transportes PYJ\" \/>\n<meta property=\"article:modified_time\" content=\"2025-02-06T03:23:26+00:00\" \/>\n<meta property=\"og:image\" content=\"https:\/\/transportespyj.cl\/wp-content\/uploads\/2025\/01\/Diseno-sin-titulo-16.png\" \/>\n\t<meta property=\"og:image:width\" content=\"1200\" \/>\n\t<meta property=\"og:image:height\" content=\"800\" \/>\n\t<meta property=\"og:image:type\" content=\"image\/png\" \/>\n<meta name=\"twitter:card\" content=\"summary_large_image\" \/>\n<meta name=\"twitter:label1\" content=\"Tiempo estimado de lectura\" \/>\n\t<meta name=\"twitter:data1\" content=\"2 minutos\" \/>\n<script type=\"application\/ld+json\" class=\"yoast-schema-graph\">{\"@context\":\"https:\/\/schema.org\",\"@graph\":[{\"@type\":\"WebPage\",\"@id\":\"https:\/\/transportespyj.cl\/index.php\/nosotros\/\",\"url\":\"https:\/\/transportespyj.cl\/index.php\/nosotros\/\",\"name\":\"Nosotros - Transportes PYJ\",\"isPartOf\":{\"@id\":\"https:\/\/transportespyj.cl\/#website\"},\"primaryImageOfPage\":{\"@id\":\"https:\/\/transportespyj.cl\/index.php\/nosotros\/#primaryimage\"},\"image\":{\"@id\":\"https:\/\/transportespyj.cl\/index.php\/nosotros\/#primaryimage\"},\"thumbnailUrl\":\"https:\/\/transportespyj.cl\/wp-content\/uploads\/2025\/01\/Diseno-sin-titulo-16-1024x683.png\",\"datePublished\":\"2024-11-04T06:48:10+00:00\",\"dateModified\":\"2025-02-06T03:23:26+00:00\",\"breadcrumb\":{\"@id\":\"https:\/\/transportespyj.cl\/index.php\/nosotros\/#breadcrumb\"},\"inLanguage\":\"es-CL\",\"potentialAction\":[{\"@type\":\"ReadAction\",\"target\":[\"https:\/\/transportespyj.cl\/index.php\/nosotros\/\"]}]},{\"@type\":\"ImageObject\",\"inLanguage\":\"es-CL\",\"@id\":\"https:\/\/transportespyj.cl\/index.php\/nosotros\/#primaryimage\",\"url\":\"https:\/\/transportespyj.cl\/wp-content\/uploads\/2025\/01\/Diseno-sin-titulo-16.png\",\"contentUrl\":\"https:\/\/transportespyj.cl\/wp-content\/uploads\/2025\/01\/Diseno-sin-titulo-16.png\",\"width\":1200,\"height\":800},{\"@type\":\"BreadcrumbList\",\"@id\":\"https:\/\/transportespyj.cl\/index.php\/nosotros\/#breadcrumb\",\"itemListElement\":[{\"@type\":\"ListItem\",\"position\":1,\"name\":\"Portada\",\"item\":\"https:\/\/transportespyj.cl\/\"},{\"@type\":\"ListItem\",\"position\":2,\"name\":\"Nosotros\"}]},{\"@type\":\"WebSite\",\"@id\":\"https:\/\/transportespyj.cl\/#website\",\"url\":\"https:\/\/transportespyj.cl\/\",\"name\":\"Transportes PYJ\",\"description\":\"Empresa de Transporte de Cargas\",\"publisher\":{\"@id\":\"https:\/\/transportespyj.cl\/#organization\"},\"potentialAction\":[{\"@type\":\"SearchAction\",\"target\":{\"@type\":\"EntryPoint\",\"urlTemplate\":\"https:\/\/transportespyj.cl\/?s={search_term_string}\"},\"query-input\":{\"@type\":\"PropertyValueSpecification\",\"valueRequired\":true,\"valueName\":\"search_term_string\"}}],\"inLanguage\":\"es-CL\"},{\"@type\":\"Organization\",\"@id\":\"https:\/\/transportespyj.cl\/#organization\",\"name\":\"Transportes PYJ\",\"url\":\"https:\/\/transportespyj.cl\/\",\"logo\":{\"@type\":\"ImageObject\",\"inLanguage\":\"es-CL\",\"@id\":\"https:\/\/transportespyj.cl\/#\/schema\/logo\/image\/\",\"url\":\"https:\/\/transportespyj.cl\/wp-content\/uploads\/2024\/10\/cropped-Diseno-sin-titulo-5.png\",\"contentUrl\":\"https:\/\/transportespyj.cl\/wp-content\/uploads\/2024\/10\/cropped-Diseno-sin-titulo-5.png\",\"width\":512,\"height\":512,\"caption\":\"Transportes PYJ\"},\"image\":{\"@id\":\"https:\/\/transportespyj.cl\/#\/schema\/logo\/image\/\"}}]}<\/script>\n<!-- \/ Yoast SEO plugin. -->","yoast_head_json":{"title":"Nosotros - Transportes PYJ","robots":{"index":"index","follow":"follow","max-snippet":"max-snippet:-1","max-image-preview":"max-image-preview:large","max-video-preview":"max-video-preview:-1"},"canonical":"https:\/\/transportespyj.cl\/index.php\/nosotros\/","og_locale":"es_ES","og_type":"article","og_title":"Nosotros - Transportes PYJ","og_description":"\u00bfQUI\u00c9NES SOMOS? Transportes P&amp;J Limitada es una empresa creada en el a\u00f1o 2007 con el prop\u00f3sito principal de desarrollarse y crecer en el rubro del Transporte, actualmente su foco principal es el transporte de carga peligrosa, qu\u00edmicos, lubricantes y carga en fr\u00edo. Su casa matriz est\u00e1 ubicada en la ciudad de Curic\u00f3, donde cuenta con [&hellip;]","og_url":"https:\/\/transportespyj.cl\/index.php\/nosotros\/","og_site_name":"Transportes PYJ","article_modified_time":"2025-02-06T03:23:26+00:00","og_image":[{"width":1200,"height":800,"url":"https:\/\/transportespyj.cl\/wp-content\/uploads\/2025\/01\/Diseno-sin-titulo-16.png","type":"image\/png"}],"twitter_card":"summary_large_image","twitter_misc":{"Tiempo estimado de lectura":"2 minutos"},"schema":{"@context":"https:\/\/schema.org","@graph":[{"@type":"WebPage","@id":"https:\/\/transportespyj.cl\/index.php\/nosotros\/","url":"https:\/\/transportespyj.cl\/index.php\/nosotros\/","name":"Nosotros - Transportes PYJ","isPartOf":{"@id":"https:\/\/transportespyj.cl\/#website"},"primaryImageOfPage":{"@id":"https:\/\/transportespyj.cl\/index.php\/nosotros\/#primaryimage"},"image":{"@id":"https:\/\/transportespyj.cl\/index.php\/nosotros\/#primaryimage"},"thumbnailUrl":"https:\/\/transportespyj.cl\/wp-content\/uploads\/2025\/01\/Diseno-sin-titulo-16-1024x683.png","datePublished":"2024-11-04T06:48:10+00:00","dateModified":"2025-02-06T03:23:26+00:00","breadcrumb":{"@id":"https:\/\/transportespyj.cl\/index.php\/nosotros\/#breadcrumb"},"inLanguage":"es-CL","potentialAction":[{"@type":"ReadAction","target":["https:\/\/transportespyj.cl\/index.php\/nosotros\/"]}]},{"@type":"ImageObject","inLanguage":"es-CL","@id":"https:\/\/transportespyj.cl\/index.php\/nosotros\/#primaryimage","url":"https:\/\/transportespyj.cl\/wp-content\/uploads\/2025\/01\/Diseno-sin-titulo-16.png","contentUrl":"https:\/\/transportespyj.cl\/wp-content\/uploads\/2025\/01\/Diseno-sin-titulo-16.png","width":1200,"height":800},{"@type":"BreadcrumbList","@id":"https:\/\/transportespyj.cl\/index.php\/nosotros\/#breadcrumb","itemListElement":[{"@type":"ListItem","position":1,"name":"Portada","item":"https:\/\/transportespyj.cl\/"},{"@type":"ListItem","position":2,"name":"Nosotros"}]},{"@type":"WebSite","@id":"https:\/\/transportespyj.cl\/#website","url":"https:\/\/transportespyj.cl\/","name":"Transportes PYJ","description":"Empresa de Transporte de Cargas","publisher":{"@id":"https:\/\/transportespyj.cl\/#organization"},"potentialAction":[{"@type":"SearchAction","target":{"@type":"EntryPoint","urlTemplate":"https:\/\/transportespyj.cl\/?s={search_term_string}"},"query-input":{"@type":"PropertyValueSpecification","valueRequired":true,"valueName":"search_term_string"}}],"inLanguage":"es-CL"},{"@type":"Organization","@id":"https:\/\/transportespyj.cl\/#organization","name":"Transportes PYJ","url":"https:\/\/transportespyj.cl\/","logo":{"@type":"ImageObject","inLanguage":"es-CL","@id":"https:\/\/transportespyj.cl\/#\/schema\/logo\/image\/","url":"https:\/\/transportespyj.cl\/wp-content\/uploads\/2024\/10\/cropped-Diseno-sin-titulo-5.png","contentUrl":"https:\/\/transportespyj.cl\/wp-content\/uploads\/2024\/10\/cropped-Diseno-sin-titulo-5.png","width":512,"height":512,"caption":"Transportes PYJ"},"image":{"@id":"https:\/\/transportespyj.cl\/#\/schema\/logo\/image\/"}}]}},"_links":{"self":[{"href":"https:\/\/transportespyj.cl\/index.php\/wp-json\/wp\/v2\/pages\/75","targetHints":{"allow":["GET"]}}],"collection":[{"href":"https:\/\/transportespyj.cl\/index.php\/wp-json\/wp\/v2\/pages"}],"about":[{"href":"https:\/\/transportespyj.cl\/index.php\/wp-json\/wp\/v2\/types\/page"}],"author":[{"embeddable":true,"href":"https:\/\/transportespyj.cl\/index.php\/wp-json\/wp\/v2\/users\/1"}],"replies":[{"embeddable":true,"href":"https:\/\/transportespyj.cl\/index.php\/wp-json\/wp\/v2\/comments?post=75"}],"version-history":[{"count":15,"href":"https:\/\/transportespyj.cl\/index.php\/wp-json\/wp\/v2\/pages\/75\/revisions"}],"predecessor-version":[{"id":384,"href":"https:\/\/transportespyj.cl\/index.php\/wp-json\/wp\/v2\/pages\/75\/revisions\/384"}],"wp:attachment":[{"href":"https:\/\/transportespyj.cl\/index.php\/wp-json\/wp\/v2\/media?parent=75"}],"curies":[{"name":"wp","href":"https:\/\/api.w.org\/{rel}","templated":true}]}}